{"id":86,"date":"2022-08-23T12:31:50","date_gmt":"2022-08-23T12:31:50","guid":{"rendered":"https:\/\/www.clinicarioblanco.cl\/?page_id=86"},"modified":"2022-08-23T15:39:03","modified_gmt":"2022-08-23T15:39:03","slug":"nuestros-primeros-pasos","status":"publish","type":"page","link":"https:\/\/www.clinicarioblanco.cl\/?page_id=86","title":{"rendered":"Nuestros Primeros Pasos"},"content":{"rendered":"<p>[et_pb_section fb_built=\u00bb1&#8243; _builder_version=\u00bb4.18.0&#8243; _module_preset=\u00bbdefault\u00bb background_color=\u00bbgcid-ea3780b4-edff-49eb-8a9d-bd9305f99ee1&#8243; custom_padding=\u00bb||0px|||\u00bb global_colors_info=\u00bb{%22gcid-ea3780b4-edff-49eb-8a9d-bd9305f99ee1%22:%91%22background_color%22%93}\u00bb][et_pb_row _builder_version=\u00bb4.18.0&#8243; _module_preset=\u00bbdefault\u00bb global_colors_info=\u00bb{}\u00bb][et_pb_column type=\u00bb4_4&#8243; _builder_version=\u00bb4.18.0&#8243; _module_preset=\u00bbdefault\u00bb global_colors_info=\u00bb{}\u00bb][et_pb_text _builder_version=\u00bb4.18.0&#8243; _module_preset=\u00bbdefault\u00bb text_text_color=\u00bb#FFFFFF\u00bb header_text_align=\u00bbleft\u00bb header_text_color=\u00bb#FFFFFF\u00bb header_font_size=\u00bb61px\u00bb hover_enabled=\u00bb0&#8243; border_style_all=\u00bbgroove\u00bb global_colors_info=\u00bb{}\u00bb text_font=\u00bbPoppins||||||||\u00bb sticky_enabled=\u00bb0&#8243;]<\/p>\n<h1>Nuestra Historia<\/h1>\n<p>[\/et_pb_text][\/et_pb_column][\/et_pb_row][\/et_pb_section][et_pb_section fb_built=\u00bb1&#8243; _builder_version=\u00bb4.18.0&#8243; _module_preset=\u00bbdefault\u00bb global_colors_info=\u00bb{}\u00bb][et_pb_row _builder_version=\u00bb4.18.0&#8243; _module_preset=\u00bbdefault\u00bb global_colors_info=\u00bb{}\u00bb][et_pb_column type=\u00bb4_4&#8243; _builder_version=\u00bb4.18.0&#8243; _module_preset=\u00bbdefault\u00bb global_colors_info=\u00bb{}\u00bb][et_pb_testimonial author=\u00bbCRB\u00bb portrait_url=\u00bbdata:image\/svg+xml;base64,PHN2ZyB3aWR0aD0iNTAwIiBoZWlnaHQ9IjUwMCIgdmlld0JveD0iMCAwIDUwMCA1MDAiIHhtbG5zPSJodHRwOi8vd3d3LnczLm9yZy8yMDAwL3N2ZyI+CiAgICA8ZyBmaWxsPSJub25lIiBmaWxsLXJ1bGU9ImV2ZW5vZGQiPgogICAgICAgIDxwYXRoIGZpbGw9IiNFQkVCRUIiIGQ9Ik0wIDBoNTAwdjUwMEgweiIvPgogICAgICAgIDxyZWN0IGZpbGwtb3BhY2l0eT0iLjEiIGZpbGw9IiMwMDAiIHg9IjY4IiB5PSIzMDUiIHdpZHRoPSIzNjQiIGhlaWdodD0iNTY4IiByeD0iMTgyIi8+CiAgICAgICAgPGNpcmNsZSBmaWxsLW9wYWNpdHk9Ii4xIiBmaWxsPSIjMDAwIiBjeD0iMjQ5IiBjeT0iMTcyIiByPSIxMDAiLz4KICAgIDwvZz4KPC9zdmc+Cg==\u00bb _builder_version=\u00bb4.18.0&#8243; _module_preset=\u00bbdefault\u00bb global_colors_info=\u00bb{}\u00bb]<\/p>\n<p>El Departamento de Salud de Divisi\u00f3n Andina de CODELCO Chile, comienza a fines de la d\u00e9cada de los sesenta (1969), con un equipo integrado por tres param\u00e9dicos y un m\u00e9dico que enfrenta, al igual que los trabajadores, las inclemencias del clima en la monta\u00f1a. Era una tarea muy dif\u00edcil, en ese entonces, brindar atenci\u00f3n de urgencia, a m\u00e1s de tres mil metros de altura, al interior del pique en construcci\u00f3n y en una improvisada posta instalada en una habitaci\u00f3n. M\u00e1s a\u00fan si se considera que la t\u00e9cnica m\u00e9dica y la tecnolog\u00eda no pose\u00edan el mismo desarrollo que hoy.<\/p>\n<p>La atenci\u00f3n de salud, a principios de los setenta es entregada en un departamento donde el living era la sala de espera y los dormitorios, las salas de procedimiento.<\/p>\n<p>El equipo de salud se las ingeniaba con lo que ten\u00eda para salvar vidas, inventando muchas veces soluciones para rescatar accidentados y atender a los enfermos.<\/p>\n<p>S\u00f3lo el 10 de agosto de 1973, se produce el traslado al reci\u00e9n construido Hospital de Saladillo.<\/p>\n<p>Con el objetivo de entregar salud a los trabajadores de la Divisi\u00f3n Andina de Codelco Chile y sus cargas, se funda el 5 de mayo de 1983, Isapre R\u00edo Blanco.<\/p>\n<p>&nbsp;<\/p>\n<p>Como parte de la naciente empresa, fue necesario trasladar sus oficinas desde Saladillo a Los Andes. All\u00ed funcionan las oficinas hasta 1989, al a\u00f1o siguiente se trasladan a su actual direcci\u00f3n en Avenida Santa Mar\u00eda N\u00ba 777.<\/p>\n<p>Fue el 3 de octubre de 1995 cuando se corta la cinta que inaugura oficialmente a Cl\u00ednica R\u00edo Blanco, adosada a las instalaciones de Isapre R\u00edo Blanco en Los Andes, construy\u00e9ndose 1.500 m2, dotados de alta tecnolog\u00eda para atender a los beneficiarios y comenzar a relacionarse con la comunidad de Los Andes. Los pabellones comienzan a funcionar dos a\u00f1os despu\u00e9s, conjuntamente con otros servicios que hoy entrega la Cl\u00ednica.<\/p>\n<p>&nbsp;<\/p>\n<p>En Diciembre del 2004, se produce la separaci\u00f3n de giros entre Isapre y Cl\u00ednica R\u00edo Blanco, pasando a constituir \u00e9sta \u00faltima una Sociedad An\u00f3nima denominada Cl\u00ednica R\u00edo Blanco S.A.<\/p>\n<p>Finalmente, en Octubre de 2009, Cl\u00ednica R\u00edo Blanco da origen a una nueva Empresa denominada Centro de Especialidades M\u00e9dicas R\u00edo Blanco Ltda., orientada a la prestaci\u00f3n de servicios Ambulatorios.<\/p>\n<p>[\/et_pb_testimonial][\/et_pb_column][\/et_pb_row][\/et_pb_section]<\/p>\n","protected":false},"excerpt":{"rendered":"<p>Nuestra HistoriaEl Departamento de Salud de Divisi\u00f3n Andina de CODELCO Chile, comienza a fines de la d\u00e9cada de los sesenta (1969), con un equipo integrado por tres param\u00e9dicos y un m\u00e9dico que enfrenta, al igual que los trabajadores, las inclemencias del clima en la monta\u00f1a. Era una tarea muy dif\u00edcil, en ese entonces, brindar atenci\u00f3n [&hellip;]<\/p>\n","protected":false},"author":2,"featured_media":0,"parent":0,"menu_order":0,"comment_status":"closed","ping_status":"closed","template":"","meta":{"_et_pb_use_builder":"on","_et_pb_old_content":"","_et_gb_content_width":""},"_links":{"self":[{"href":"https:\/\/www.clinicarioblanco.cl\/index.php?rest_route=\/wp\/v2\/pages\/86"}],"collection":[{"href":"https:\/\/www.clinicarioblanco.cl\/index.php?rest_route=\/wp\/v2\/pages"}],"about":[{"href":"https:\/\/www.clinicarioblanco.cl\/index.php?rest_route=\/wp\/v2\/types\/page"}],"author":[{"embeddable":true,"href":"https:\/\/www.clinicarioblanco.cl\/index.php?rest_route=\/wp\/v2\/users\/2"}],"replies":[{"embeddable":true,"href":"https:\/\/www.clinicarioblanco.cl\/index.php?rest_route=%2Fwp%2Fv2%2Fcomments&post=86"}],"version-history":[{"count":4,"href":"https:\/\/www.clinicarioblanco.cl\/index.php?rest_route=\/wp\/v2\/pages\/86\/revisions"}],"predecessor-version":[{"id":170,"href":"https:\/\/www.clinicarioblanco.cl\/index.php?rest_route=\/wp\/v2\/pages\/86\/revisions\/170"}],"wp:attachment":[{"href":"https:\/\/www.clinicarioblanco.cl\/index.php?rest_route=%2Fwp%2Fv2%2Fmedia&parent=86"}],"curies":[{"name":"wp","href":"https:\/\/api.w.org\/{rel}","templated":true}]}}