{"id":53,"date":"2022-08-22T22:50:04","date_gmt":"2022-08-22T22:50:04","guid":{"rendered":"https:\/\/www.clinicarioblanco.cl\/?page_id=53"},"modified":"2023-04-17T21:59:46","modified_gmt":"2023-04-17T21:59:46","slug":"telefono","status":"publish","type":"page","link":"https:\/\/www.clinicarioblanco.cl\/?page_id=53","title":{"rendered":"Telefono"},"content":{"rendered":"<p>[et_pb_section fb_built=\u00bb1&#8243; _builder_version=\u00bb4.18.0&#8243; _module_preset=\u00bbdefault\u00bb background_color=\u00bbgcid-ea3780b4-edff-49eb-8a9d-bd9305f99ee1&#8243; hover_enabled=\u00bb0&#8243; global_colors_info=\u00bb{%22gcid-ea3780b4-edff-49eb-8a9d-bd9305f99ee1%22:%91%22background_color%22%93}\u00bb disabled_on=\u00bboff|off|off\u00bb sticky_enabled=\u00bb0&#8243; da_is_popup=\u00bboff\u00bb da_exit_intent=\u00bboff\u00bb da_has_close=\u00bbon\u00bb da_alt_close=\u00bboff\u00bb da_dark_close=\u00bboff\u00bb da_not_modal=\u00bbon\u00bb da_is_singular=\u00bboff\u00bb da_with_loader=\u00bboff\u00bb da_has_shadow=\u00bbon\u00bb da_disable_devices=\u00bboff|off|off\u00bb][et_pb_row _builder_version=\u00bb4.18.0&#8243; _module_preset=\u00bbdefault\u00bb hover_enabled=\u00bb0&#8243; global_colors_info=\u00bb{}\u00bb disabled_on=\u00bboff|off|off\u00bb sticky_enabled=\u00bb0&#8243;][et_pb_column type=\u00bb4_4&#8243; _builder_version=\u00bb4.18.0&#8243; _module_preset=\u00bbdefault\u00bb global_colors_info=\u00bb{}\u00bb][et_pb_text _builder_version=\u00bb4.18.0&#8243; _module_preset=\u00bbdefault\u00bb text_font=\u00bbPoppins||||||||\u00bb text_text_color=\u00bb#FFFFFF\u00bb text_font_size=\u00bb70px\u00bb hover_enabled=\u00bb0&#8243; global_colors_info=\u00bb{}\u00bb content_last_edited=\u00bbon|phone\u00bb sticky_enabled=\u00bb0&#8243; disabled_on=\u00bboff|off|off\u00bb content_phone=\u00bb<\/p>\n<h1 style=%22text-align: center;%22><span style=%22color: #ffffff;%22>Tel\u00e9fonos de Contacto<\/span><\/h1>\n<p>\u00bb content_tablet=\u00bb<\/p>\n<p style=%22text-align: center;%22>Tel\u00e9fonos<\/p>\n<p style=%22text-align: center;%22>de Contacto<\/p>\n<p>\u00ab]<\/p>\n<p>Tel\u00e9fonos de Contacto<\/p>\n<p>[\/et_pb_text][\/et_pb_column][\/et_pb_row][\/et_pb_section][et_pb_section fb_built=\u00bb1&#8243; _builder_version=\u00bb4.18.0&#8243; _module_preset=\u00bbdefault\u00bb global_colors_info=\u00bb{}\u00bb da_is_popup=\u00bboff\u00bb da_exit_intent=\u00bboff\u00bb da_has_close=\u00bbon\u00bb da_alt_close=\u00bboff\u00bb da_dark_close=\u00bboff\u00bb da_not_modal=\u00bbon\u00bb da_is_singular=\u00bboff\u00bb da_with_loader=\u00bboff\u00bb da_has_shadow=\u00bbon\u00bb da_disable_devices=\u00bboff|off|off\u00bb][et_pb_row _builder_version=\u00bb4.18.0&#8243; _module_preset=\u00bbdefault\u00bb global_colors_info=\u00bb{}\u00bb][et_pb_column type=\u00bb4_4&#8243; _builder_version=\u00bb4.18.0&#8243; _module_preset=\u00bbdefault\u00bb global_colors_info=\u00bb{}\u00bb][et_pb_text _builder_version=\u00bb4.18.0&#8243; _module_preset=\u00bbdefault\u00bb global_colors_info=\u00bb{}\u00bb]Aqu\u00ed puedes contactarte con nosotros. Si nos quieres visitar puedes ver nuestro mapa y usar tu GPS para llegar en veh\u00edculo.<br \/>\n<b>Comun\u00edcate con cada una de nuestras Unidades.<\/b><\/p>\n<p>&nbsp;<\/p>\n<table border=\"1\" style=\"border-collapse: collapse; width: 100%; height: 120px;\">\n<tbody>\n<tr>\n<td style=\"width: 25.0789%;\"><span>Informaciones:<\/span><\/td>\n<td style=\"width: 21.6088%;\"><span><a href=\"tel:342590553\">34-2590 553<\/a><\/span><\/td>\n<td style=\"width: 31.7035%;\"><span>Hospitalizaci\u00f3n:<\/span><\/td>\n<td style=\"width: 21.4511%;\"><span><a href=\"tel:342590577\">34-2590 577<\/a><\/span><\/td>\n<\/tr>\n<tr>\n<td style=\"width: 25.0789%;\"><span>Call Center:<\/span><\/td>\n<td style=\"width: 21.6088%;\"><a href=\"tel:342590500\">34-2590 500<\/a><\/td>\n<td style=\"width: 31.7035%;\"><span>Presupuestos:<\/span><\/td>\n<td style=\"width: 21.4511%;\"><a href=\"tel:342590526\">34-2590 526<\/a><\/td>\n<\/tr>\n<tr>\n<td style=\"width: 25.0789%;\"><span>Kinesiolog\u00eda:<\/span><\/td>\n<td style=\"width: 21.6088%;\"><span><a href=\"tel:342590673\">34-2590 673<\/a><\/span><\/td>\n<td style=\"width: 31.7035%;\"><span>Scanner:<\/span><\/td>\n<td style=\"width: 21.4511%;\"><span><a href=\"tel:342590684\">34-2590 684<\/a><\/span><\/td>\n<\/tr>\n<tr>\n<td style=\"width: 25.0789%;\">Urgencia:<\/td>\n<td style=\"width: 21.6088%;\"><a href=\"tel:342590535\">34-2590 535<\/a><\/td>\n<td style=\"width: 31.7035%;\"><span>Laboratorio:<\/span><\/td>\n<td style=\"width: 21.4511%;\"><a href=\"tel:342590590\">34-2590 590<\/a><\/td>\n<\/tr>\n<tr>\n<td style=\"width: 25.0789%;\"><span>Farmacia:<\/span><\/td>\n<td style=\"width: 21.6088%;\"><span><a href=\"tel:342590533\">34-2590 533<\/a><\/span><\/td>\n<td style=\"width: 31.7035%;\"><span>Salud Ocupacional:<\/span><\/td>\n<td style=\"width: 21.4511%;\"><a href=\"tel:342590546\">34-2590 546<\/a><\/td>\n<\/tr>\n<\/tbody>\n<\/table>\n<p>[\/et_pb_text][\/et_pb_column][\/et_pb_row][et_pb_row _builder_version=\u00bb4.18.0&#8243; _module_preset=\u00bbdefault\u00bb global_colors_info=\u00bb{}\u00bb][et_pb_column type=\u00bb4_4&#8243; _builder_version=\u00bb4.18.0&#8243; _module_preset=\u00bbdefault\u00bb global_colors_info=\u00bb{}\u00bb][et_pb_code _builder_version=\u00bb4.18.0&#8243; _module_preset=\u00bbdefault\u00bb global_colors_info=\u00bb{}\u00bb]<iframe src=\"https:\/\/www.google.com\/maps\/embed?pb=!1m18!1m12!1m3!1d3351.9696751830297!2d-70.58818453446051!3d-32.84605458095124!2m3!1f0!2f0!3f0!3m2!1i1024!2i768!4f13.1!3m3!1m2!1s0x968804edff8879b9%3A0x154bfcea5e208d!2sSta.%20Mar%C3%ADa%20777%2C%20Los%20Andes%2C%20Valpara%C3%ADso!5e0!3m2!1ses-419!2scl!4v1661273715606!5m2!1ses-419!2scl\" width=\"1300\" height=\"500\" style=\"border:0;\" allowfullscreen=\"\" loading=\"lazy\" referrerpolicy=\"no-referrer-when-downgrade\"><\/iframe>[\/et_pb_code][\/et_pb_column][\/et_pb_row][\/et_pb_section]<\/p>\n","protected":false},"excerpt":{"rendered":"<p>Tel\u00e9fonos de ContactoAqu\u00ed puedes contactarte con nosotros. Si nos quieres visitar puedes ver nuestro mapa y usar tu GPS para llegar en veh\u00edculo. Comun\u00edcate con cada una de nuestras Unidades. &nbsp; Informaciones: 34-2590 553 Hospitalizaci\u00f3n: 34-2590 577 Call Center: 34-2590 500 Presupuestos: 34-2590 526 Kinesiolog\u00eda: 34-2590 673 Scanner: 34-2590 684 Urgencia: 34-2590 535 Laboratorio: 34-2590 [&hellip;]<\/p>\n","protected":false},"author":2,"featured_media":0,"parent":0,"menu_order":0,"comment_status":"closed","ping_status":"closed","template":"","meta":{"_et_pb_use_builder":"on","_et_pb_old_content":"","_et_gb_content_width":""},"_links":{"self":[{"href":"https:\/\/www.clinicarioblanco.cl\/index.php?rest_route=\/wp\/v2\/pages\/53"}],"collection":[{"href":"https:\/\/www.clinicarioblanco.cl\/index.php?rest_route=\/wp\/v2\/pages"}],"about":[{"href":"https:\/\/www.clinicarioblanco.cl\/index.php?rest_route=\/wp\/v2\/types\/page"}],"author":[{"embeddable":true,"href":"https:\/\/www.clinicarioblanco.cl\/index.php?rest_route=\/wp\/v2\/users\/2"}],"replies":[{"embeddable":true,"href":"https:\/\/www.clinicarioblanco.cl\/index.php?rest_route=%2Fwp%2Fv2%2Fcomments&post=53"}],"version-history":[{"count":10,"href":"https:\/\/www.clinicarioblanco.cl\/index.php?rest_route=\/wp\/v2\/pages\/53\/revisions"}],"predecessor-version":[{"id":3057,"href":"https:\/\/www.clinicarioblanco.cl\/index.php?rest_route=\/wp\/v2\/pages\/53\/revisions\/3057"}],"wp:attachment":[{"href":"https:\/\/www.clinicarioblanco.cl\/index.php?rest_route=%2Fwp%2Fv2%2Fmedia&parent=53"}],"curies":[{"name":"wp","href":"https:\/\/api.w.org\/{rel}","templated":true}]}}