{"id":3300,"date":"2024-08-08T20:26:25","date_gmt":"2024-08-08T20:26:25","guid":{"rendered":"https:\/\/www.clinicarioblanco.cl\/?page_id=3300"},"modified":"2024-08-09T17:46:21","modified_gmt":"2024-08-09T17:46:21","slug":"pabellon","status":"publish","type":"page","link":"https:\/\/www.clinicarioblanco.cl\/?page_id=3300","title":{"rendered":"Pabell\u00f3n"},"content":{"rendered":"<p>[et_pb_section fb_built=\u00bb1&#8243; _builder_version=\u00bb4.18.0&#8243; _module_preset=\u00bbdefault\u00bb background_color=\u00bbgcid-ea3780b4-edff-49eb-8a9d-bd9305f99ee1&#8243; global_colors_info=\u00bb{%22gcid-ea3780b4-edff-49eb-8a9d-bd9305f99ee1%22:%91%22background_color%22%93}\u00bb da_is_popup=\u00bboff\u00bb da_exit_intent=\u00bboff\u00bb da_has_close=\u00bbon\u00bb da_alt_close=\u00bboff\u00bb da_dark_close=\u00bboff\u00bb da_not_modal=\u00bbon\u00bb da_is_singular=\u00bboff\u00bb da_with_loader=\u00bboff\u00bb da_has_shadow=\u00bbon\u00bb da_disable_devices=\u00bboff|off|off\u00bb][et_pb_row _builder_version=\u00bb4.18.0&#8243; _module_preset=\u00bbdefault\u00bb global_colors_info=\u00bb{}\u00bb][et_pb_column type=\u00bb4_4&#8243; _builder_version=\u00bb4.18.0&#8243; _module_preset=\u00bbdefault\u00bb global_colors_info=\u00bb{}\u00bb][et_pb_text _builder_version=\u00bb4.18.0&#8243; _module_preset=\u00bbdefault\u00bb text_font=\u00bbPoppins||||||||\u00bb text_text_color=\u00bb#FFFFFF\u00bb text_font_size=\u00bb75px\u00bb hover_enabled=\u00bb0&#8243; global_colors_info=\u00bb{}\u00bb sticky_enabled=\u00bb0&#8243;]<\/p>\n<p>Servicio de Pabell\u00f3n<\/p>\n<p>[\/et_pb_text][\/et_pb_column][\/et_pb_row][\/et_pb_section][et_pb_section fb_built=\u00bb1&#8243; _builder_version=\u00bb4.18.0&#8243; _module_preset=\u00bbdefault\u00bb global_colors_info=\u00bb{}\u00bb da_is_popup=\u00bboff\u00bb da_exit_intent=\u00bboff\u00bb da_has_close=\u00bbon\u00bb da_alt_close=\u00bboff\u00bb da_dark_close=\u00bboff\u00bb da_not_modal=\u00bbon\u00bb da_is_singular=\u00bboff\u00bb da_with_loader=\u00bboff\u00bb da_has_shadow=\u00bbon\u00bb da_disable_devices=\u00bboff|off|off\u00bb][et_pb_row _builder_version=\u00bb4.18.0&#8243; _module_preset=\u00bbdefault\u00bb global_colors_info=\u00bb{}\u00bb][et_pb_column type=\u00bb4_4&#8243; _builder_version=\u00bb4.18.0&#8243; _module_preset=\u00bbdefault\u00bb global_colors_info=\u00bb{}\u00bb][et_pb_text _builder_version=\u00bb4.18.0&#8243; _module_preset=\u00bbdefault\u00bb hover_enabled=\u00bb0&#8243; global_colors_info=\u00bb{}\u00bb sticky_enabled=\u00bb0&#8243;]<\/p>\n<p><strong>Por qu\u00e9 elegirnos<\/strong><br \/>Este servicio es atendido por un grupo de profesionales seleccionados y calificados bajo los lineamientos definidos por la Superintendencia de Salud.<br \/>Esto permite entregar al paciente y a los m\u00e9dicos un servicio confiable para atender patolog\u00edas de mediana complejidad.<\/p>\n<p><strong>Nuestras cirug\u00edas<\/strong><\/p>\n<p><strong>Cirug\u00edas Traumatol\u00f3gicas<br \/><\/strong>&#8211; Tenorraf\u00eda<br \/>&#8211; Meniscectom\u00eda<br \/>&#8211; Biopsia \u00f3sea<br \/>&#8211; Ligamento cruzado<br \/>&#8211; Ruptura manguito rotador<br \/>&#8211; Ortejo en garra<br \/>&#8211; S\u00edndrome t\u00fanel carpiano<br \/>&#8211; Quiste sinovial<br \/>&#8211; Dedo en gatillo<br \/>&#8211; Fasciotomia plantar<br \/>&#8211; Cirug\u00edas<br \/>&#8211; Ginecol\u00f3gicas<br \/>&#8211; Histerectom\u00eda<br \/>&#8211; Esterilizaci\u00f3n<br \/>&#8211; Legrado<br \/>&#8211; Ooferectom\u00eda<\/p>\n<p><strong>Cirug\u00edas Generales<\/strong><br \/>&#8211; Colecistectom\u00eda<br \/>&#8211; laparosc\u00f3picas<br \/>&#8211; Hernias abiertas y<br \/>&#8211; laparosc\u00f3picas<br \/>&#8211; Hemorroides<br \/>&#8211; Fisura anal<br \/>&#8211; Onicectomia<\/p>\n<p><strong>Cirug\u00edas Pedi\u00e1tricas<\/strong><br \/>&#8211; Hernias<br \/>&#8211; Fimosis<br \/>&#8211; Test\u00edculo en ascensor<br \/>&#8211; Hidrocele<br \/>&#8211; Hipospad\u00eda<\/p>\n<p><strong>Cirug\u00edas <\/strong><strong>Urol\u00f3gicas<\/strong><br \/>&#8211; Cistoscopia<br \/>&#8211; Cirug\u00edas de pr\u00f3stata<br \/>&#8211; Tratamiento continencia de esfuerzo<br \/>&#8211; Biopsia de pr\u00f3stata<br \/>&#8211; Ureterolitotom\u00eda endosc\u00f3pica<br \/>&#8211; Vasectom\u00eda<br \/>&#8211; Circuncisi\u00f3n<br \/>&#8211; Hidrocele<\/p>\n<p><strong>Cirug\u00edas de Otorrinolaringolog\u00eda<\/strong><\/p>\n<p>-Amigdalectom\u00eda<br \/>&#8211; Adenoidectom\u00eda<br \/>&#8211; Rinoplastia y\/o Septoplast\u00eda<br \/>&#8211; Fracturas nasales<br \/>&#8211; Sinusitis endosc\u00f3picas<br \/>&#8211; Mucositis timp\u00e1nica<br \/>&#8211; Turbinectomia<\/p>\n<p>&nbsp;<\/p>\n<p>&nbsp;<\/p>\n<p><strong><\/strong><\/p>\n<p>[\/et_pb_text][\/et_pb_column][\/et_pb_row][\/et_pb_section]<\/p>\n","protected":false},"excerpt":{"rendered":"<p>Servicio de Pabell\u00f3nPor qu\u00e9 elegirnosEste servicio es atendido por un grupo de profesionales seleccionados y calificados bajo los lineamientos definidos por la Superintendencia de Salud.Esto permite entregar al paciente y a los m\u00e9dicos un servicio confiable para atender patolog\u00edas de mediana complejidad. Nuestras cirug\u00edas Cirug\u00edas Traumatol\u00f3gicas- Tenorraf\u00eda- Meniscectom\u00eda- Biopsia \u00f3sea- Ligamento cruzado- Ruptura manguito rotador- [&hellip;]<\/p>\n","protected":false},"author":4,"featured_media":0,"parent":0,"menu_order":0,"comment_status":"closed","ping_status":"closed","template":"","meta":{"_et_pb_use_builder":"on","_et_pb_old_content":"","_et_gb_content_width":""},"_links":{"self":[{"href":"https:\/\/www.clinicarioblanco.cl\/index.php?rest_route=\/wp\/v2\/pages\/3300"}],"collection":[{"href":"https:\/\/www.clinicarioblanco.cl\/index.php?rest_route=\/wp\/v2\/pages"}],"about":[{"href":"https:\/\/www.clinicarioblanco.cl\/index.php?rest_route=\/wp\/v2\/types\/page"}],"author":[{"embeddable":true,"href":"https:\/\/www.clinicarioblanco.cl\/index.php?rest_route=\/wp\/v2\/users\/4"}],"replies":[{"embeddable":true,"href":"https:\/\/www.clinicarioblanco.cl\/index.php?rest_route=%2Fwp%2Fv2%2Fcomments&post=3300"}],"version-history":[{"count":8,"href":"https:\/\/www.clinicarioblanco.cl\/index.php?rest_route=\/wp\/v2\/pages\/3300\/revisions"}],"predecessor-version":[{"id":3314,"href":"https:\/\/www.clinicarioblanco.cl\/index.php?rest_route=\/wp\/v2\/pages\/3300\/revisions\/3314"}],"wp:attachment":[{"href":"https:\/\/www.clinicarioblanco.cl\/index.php?rest_route=%2Fwp%2Fv2%2Fmedia&parent=3300"}],"curies":[{"name":"wp","href":"https:\/\/api.w.org\/{rel}","templated":true}]}}