{"id":3225,"date":"2024-06-04T14:08:26","date_gmt":"2024-06-04T14:08:26","guid":{"rendered":"https:\/\/www.clinicarioblanco.cl\/?page_id=3225"},"modified":"2024-06-04T16:04:40","modified_gmt":"2024-06-04T16:04:40","slug":"imagenologia-2","status":"publish","type":"page","link":"https:\/\/www.clinicarioblanco.cl\/?page_id=3225","title":{"rendered":"Imagenolog\u00eda"},"content":{"rendered":"<p>[et_pb_section fb_built=\u00bb1&#8243; _builder_version=\u00bb4.18.0&#8243; _module_preset=\u00bbdefault\u00bb background_color=\u00bbgcid-ea3780b4-edff-49eb-8a9d-bd9305f99ee1&#8243; da_disable_devices=\u00bboff|off|off\u00bb global_colors_info=\u00bb{%22gcid-ea3780b4-edff-49eb-8a9d-bd9305f99ee1%22:%91%22background_color%22%93}\u00bb da_is_popup=\u00bboff\u00bb da_exit_intent=\u00bboff\u00bb da_has_close=\u00bbon\u00bb da_alt_close=\u00bboff\u00bb da_dark_close=\u00bboff\u00bb da_not_modal=\u00bbon\u00bb da_is_singular=\u00bboff\u00bb da_with_loader=\u00bboff\u00bb da_has_shadow=\u00bbon\u00bb][et_pb_row _builder_version=\u00bb4.18.0&#8243; _module_preset=\u00bbdefault\u00bb global_colors_info=\u00bb{}\u00bb][et_pb_column type=\u00bb4_4&#8243; _builder_version=\u00bb4.18.0&#8243; _module_preset=\u00bbdefault\u00bb global_colors_info=\u00bb{}\u00bb][et_pb_text _builder_version=\u00bb4.18.0&#8243; _module_preset=\u00bbdefault\u00bb text_font=\u00bbPoppins||||||||\u00bb text_text_color=\u00bb#FFFFFF\u00bb text_font_size=\u00bb75px\u00bb global_colors_info=\u00bb{}\u00bb]<\/p>\n<p>\u00a0Imagenolog\u00eda<\/p>\n<p>[\/et_pb_text][\/et_pb_column][\/et_pb_row][\/et_pb_section][et_pb_section fb_built=\u00bb1&#8243; _builder_version=\u00bb4.18.0&#8243; _module_preset=\u00bbdefault\u00bb da_disable_devices=\u00bboff|off|off\u00bb global_colors_info=\u00bb{}\u00bb da_is_popup=\u00bboff\u00bb da_exit_intent=\u00bboff\u00bb da_has_close=\u00bbon\u00bb da_alt_close=\u00bboff\u00bb da_dark_close=\u00bboff\u00bb da_not_modal=\u00bbon\u00bb da_is_singular=\u00bboff\u00bb da_with_loader=\u00bboff\u00bb da_has_shadow=\u00bbon\u00bb][et_pb_row _builder_version=\u00bb4.18.0&#8243; _module_preset=\u00bbdefault\u00bb global_colors_info=\u00bb{}\u00bb][et_pb_column type=\u00bb4_4&#8243; _builder_version=\u00bb4.18.0&#8243; _module_preset=\u00bbdefault\u00bb global_colors_info=\u00bb{}\u00bb][et_pb_text _builder_version=\u00bb4.18.0&#8243; _module_preset=\u00bbdefault\u00bb global_colors_info=\u00bb{}\u00bb]<\/p>\n<p>La unidad de Imagenolog\u00eda de Cl\u00ednica R\u00edo Blanco es una unidad de apoyo diagn\u00f3stico comprometida con brindar una atenci\u00f3n de excelencia, cuenta con ex\u00e1menes de ecotomograf\u00edas, mamograf\u00edas y radiolog\u00eda, para ayudar en el diagn\u00f3stico oportuno de las patolog\u00edas de nuestros usuarios.<\/p>\n<p><strong>Para solicitar hora o resolver dudas comun\u00edcate con nuestra mesa central al 342590500<\/strong><\/p>\n<p><strong><u>Radiolog\u00eda<\/u><\/strong><\/p>\n<p>Contamos con un equipo de radiolog\u00eda digital y an\u00e1logo (Se utiliza para columnas totales y extremidades inferiores).<\/p>\n<p>El horario de atenci\u00f3n para pacientes ambulatorios es de Lunes a Viernes 08:00 a 20:00 hrs horario continuado.<\/p>\n<p>La atenci\u00f3n de Urgencia est\u00e1 cubierta para realizaci\u00f3n de radiograf\u00edas las 24 horas del d\u00eda, durante todo el a\u00f1o. En horario inh\u00e1bil (Lunes a Viernes de 22:00 a 08:00 hrs, fines de semana y festivos la cobertura se realiza en modalidad de llamado)<\/p>\n<p><strong><u>Ecotomograf\u00edas<\/u><\/strong><\/p>\n<p>Las prestaciones que realizamos son:<\/p>\n<ul>\n<li>Ecotomograf\u00edas Generales.<\/li>\n<li>Ecotomograf\u00edas musculoesquel\u00e9ticas.<\/li>\n<li>Ecotomograf\u00edas Doppler<\/li>\n<li>Ecotomograf\u00edas Ginecol\u00f3gicas.<\/li>\n<\/ul>\n<p>Consulte por horarios disponibles mediante call center o m\u00f3dulos de atenci\u00f3n presencial.<\/p>\n<p><strong><u>Mamograf\u00edas<\/u><\/strong><\/p>\n<p>Son realizadas por una profesional Tecn\u00f3logo M\u00e9dico capacitada para la toma de estos ex\u00e1menes.<\/p>\n<p>Consulte por horarios disponibles mediante call center o m\u00f3dulos de atenci\u00f3n presencial.<\/p>\n<p><strong><\/strong><\/p>\n<p>[\/et_pb_text][\/et_pb_column][\/et_pb_row][\/et_pb_section]<\/p>\n","protected":false},"excerpt":{"rendered":"<p>\u00a0Imagenolog\u00edaLa unidad de Imagenolog\u00eda de Cl\u00ednica R\u00edo Blanco es una unidad de apoyo diagn\u00f3stico comprometida con brindar una atenci\u00f3n de excelencia, cuenta con ex\u00e1menes de ecotomograf\u00edas, mamograf\u00edas y radiolog\u00eda, para ayudar en el diagn\u00f3stico oportuno de las patolog\u00edas de nuestros usuarios. Para solicitar hora o resolver dudas comun\u00edcate con nuestra mesa central al 342590500 Radiolog\u00eda [&hellip;]<\/p>\n","protected":false},"author":4,"featured_media":0,"parent":0,"menu_order":2,"comment_status":"closed","ping_status":"closed","template":"","meta":{"_et_pb_use_builder":"on","_et_pb_old_content":"","_et_gb_content_width":""},"_links":{"self":[{"href":"https:\/\/www.clinicarioblanco.cl\/index.php?rest_route=\/wp\/v2\/pages\/3225"}],"collection":[{"href":"https:\/\/www.clinicarioblanco.cl\/index.php?rest_route=\/wp\/v2\/pages"}],"about":[{"href":"https:\/\/www.clinicarioblanco.cl\/index.php?rest_route=\/wp\/v2\/types\/page"}],"author":[{"embeddable":true,"href":"https:\/\/www.clinicarioblanco.cl\/index.php?rest_route=\/wp\/v2\/users\/4"}],"replies":[{"embeddable":true,"href":"https:\/\/www.clinicarioblanco.cl\/index.php?rest_route=%2Fwp%2Fv2%2Fcomments&post=3225"}],"version-history":[{"count":4,"href":"https:\/\/www.clinicarioblanco.cl\/index.php?rest_route=\/wp\/v2\/pages\/3225\/revisions"}],"predecessor-version":[{"id":3241,"href":"https:\/\/www.clinicarioblanco.cl\/index.php?rest_route=\/wp\/v2\/pages\/3225\/revisions\/3241"}],"wp:attachment":[{"href":"https:\/\/www.clinicarioblanco.cl\/index.php?rest_route=%2Fwp%2Fv2%2Fmedia&parent=3225"}],"curies":[{"name":"wp","href":"https:\/\/api.w.org\/{rel}","templated":true}]}}