{"id":159,"date":"2022-08-23T15:32:56","date_gmt":"2022-08-23T15:32:56","guid":{"rendered":"https:\/\/www.clinicarioblanco.cl\/?page_id=159"},"modified":"2024-08-08T20:23:31","modified_gmt":"2024-08-08T20:23:31","slug":"salud-integral","status":"publish","type":"page","link":"https:\/\/www.clinicarioblanco.cl\/?page_id=159","title":{"rendered":"Salud Integral"},"content":{"rendered":"<p>[et_pb_section fb_built=\u00bb1&#8243; _builder_version=\u00bb4.18.0&#8243; _module_preset=\u00bbdefault\u00bb background_color=\u00bbgcid-ea3780b4-edff-49eb-8a9d-bd9305f99ee1&#8243; global_colors_info=\u00bb{%22gcid-ea3780b4-edff-49eb-8a9d-bd9305f99ee1%22:%91%22background_color%22%93}\u00bb][et_pb_row _builder_version=\u00bb4.18.0&#8243; _module_preset=\u00bbdefault\u00bb global_colors_info=\u00bb{}\u00bb][et_pb_column type=\u00bb4_4&#8243; _builder_version=\u00bb4.18.0&#8243; _module_preset=\u00bbdefault\u00bb global_colors_info=\u00bb{}\u00bb][et_pb_text _builder_version=\u00bb4.18.0&#8243; _module_preset=\u00bbdefault\u00bb text_font=\u00bbPoppins||||||||\u00bb text_text_color=\u00bb#FFFFFF\u00bb text_font_size=\u00bb75px\u00bb global_colors_info=\u00bb{}\u00bb]<\/p>\n<p>Salud Familiar<\/p>\n<p>[\/et_pb_text][\/et_pb_column][\/et_pb_row][\/et_pb_section][et_pb_section fb_built=\u00bb1&#8243; _builder_version=\u00bb4.18.0&#8243; _module_preset=\u00bbdefault\u00bb global_colors_info=\u00bb{}\u00bb][et_pb_row _builder_version=\u00bb4.18.0&#8243; _module_preset=\u00bbdefault\u00bb global_colors_info=\u00bb{}\u00bb][et_pb_column type=\u00bb4_4&#8243; _builder_version=\u00bb4.18.0&#8243; _module_preset=\u00bbdefault\u00bb global_colors_info=\u00bb{}\u00bb][et_pb_text _builder_version=\u00bb4.18.0&#8243; _module_preset=\u00bbdefault\u00bb hover_enabled=\u00bb0&#8243; global_colors_info=\u00bb{}\u00bb sticky_enabled=\u00bb0&#8243;]<\/p>\n<h1>Salud Familiar<\/h1>\n<h3><strong>Comun\u00edcate al\u00a0<\/strong><a href=\"tel:342590653\"><strong>34-2590 500<\/strong><\/a><\/h3>\n<p>&nbsp;<\/p>\n<h4>Modelo de Salud Integral (MSI)<\/h4>\n<p><em>Acorde con las tendencias en salud a nivel mundial, y tambi\u00e9n nacional, Cl\u00ednica R\u00edo Blanco, cuenta con un Modelo de Salud Integral, con \u00e9nfasis en la Familia y en la prevenci\u00f3n. M\u00e9dicos especialistas en salud familiar ser\u00e1n sus m\u00e9dicos de cabecera, junto a un equipo interdisciplinario que resolver\u00e1n sus problemas de salud. El gran plus de este nuevo sistema ser\u00e1 que su M\u00e9dico de cabecera conocer\u00e1 su historia cl\u00ednica pudiendo dar continuidad a la atenci\u00f3n.<\/em><\/p>\n<p><em>\u00a0<\/em><\/p>\n<p><em>El nuevo sistema modifica el actual enfoque biom\u00e9dico por uno biopsicosocial, en que el contexto familiar es el m\u00e1s relevante, buscando comprender las distintas interrelaciones entre los subsistemas familiares, por lo tanto, permite comprender las diferentes situaciones que vive cada individuo y cada familia.\u201d<\/em><\/p>\n<p>&nbsp;<\/p>\n<p>Est\u00e1 dirigido a lograr una mejor calidad de vida para las personas, las familias y las comunidades, dando \u00e9nfasis en la anticipaci\u00f3n de los problemas y el consiguiente acento en la promoci\u00f3n y prevenci\u00f3n de la salud.<\/p>\n<p>&nbsp;<\/p>\n<p><strong>Nuestro objetivo es mejorar la situaci\u00f3n de salud de los trabajadores de Andina y sus cargas familiares, a trav\u00e9s del mejoramiento de la accesibilidad, la calidad y la eficiencia en atenci\u00f3n. La Cl\u00ednica se ha propuesto entregar un servicio m\u00e1s pr\u00f3ximo al beneficiario, a trav\u00e9s de una atenci\u00f3n personalizada y una participaci\u00f3n activa del grupo familiar, con el apoyo de un equipo de salud multidisciplinario de la m\u00e1s alta calidad.<\/strong><\/p>\n<p>&nbsp;<\/p>\n<p>&nbsp;<\/p>\n<p>&nbsp;<\/p>\n<h3><strong>Poblaci\u00f3n Beneficiaria<\/strong><\/h3>\n<p>Este\u00a0Modelo de Salud Integral. Est\u00e1 dirigido principalmente a beneficiarios de Codelco Roles B activos y pasivos, c\u00f3nyuges cotizantes y cargas y que vivan en el \u00e1rea de Los Andes, San esteban, San Vicente y Calle Larga. El cual se organiza en dos equipos de cabecera que trabajaran con familias asignadas, generando entre s\u00ed relaciones cercanas y permanentes con el objetivo de mejorar su calidad de vida y satisfacer sus necesidades de salud.<\/p>\n<p>&nbsp;<\/p>\n<p>&nbsp;<\/p>\n<p>&nbsp;<\/p>\n<p>&nbsp;<\/p>\n<h3><strong>Programas del Modelo de Salud Integral<\/strong><\/h3>\n<p>&nbsp;<\/p>\n<h4><strong>1.\u00a0\u00a0\u00a0 <\/strong><strong>Programa Salud Cardiovascular<\/strong><\/h4>\n<p><strong>\u00a0<\/strong><\/p>\n<p><strong>Objetivo general: <\/strong>Reducir la morbilidad y la mortalidad de las enfermedades cardiovasculares mediante la promoci\u00f3n de salud, prevenci\u00f3n, tratamiento oportuno y efectivo en los usuarios\u00a0 con factores de riesgo Cardiovasculares\u00a0 y\/o Enfermedades Cardiovasculares que se controlan en el Modelo de Salud Integral de la Cl\u00ednica R\u00edo Blanco.<\/p>\n<p>&nbsp;<\/p>\n<p><strong>Estrategias:<\/strong><\/p>\n<ol>\n<li>Reducir el riesgo cardiovascular de los individuos en control.<\/li>\n<li>Mejorar la pesquisa de pacientes con riesgo cardiovascular, optimizar tamizaje.<\/li>\n<li>Lograr que los fumadores dejen el h\u00e1bito.<\/li>\n<li>Lograr niveles de presi\u00f3n arterial \u00f3ptimos.<\/li>\n<li>Mejorar el control metab\u00f3lico de los diab\u00e9ticos.<\/li>\n<li>Reducir el nivel de colesterol en pacientes dislipid\u00e9micos.<\/li>\n<li>Lograr una baja de peso significativa en los individuos con sobrepeso y obesos.<\/li>\n<li>Mejorar la capacidad f\u00edsica de los pacientes en control.<\/li>\n<li>Utilizaci\u00f3n de protocolos.<\/li>\n<li>Utilizaci\u00f3n\u00a0 de tratamientos farmacol\u00f3gicos.<\/li>\n<\/ol>\n<p>&nbsp;<\/p>\n<p><strong>\u00a0<\/strong><\/p>\n<h4>2.\u00a0\u00a0\u00a0 Programa Infantil<\/h4>\n<p><strong>Objetivo general: <\/strong>Proporcionar una atenci\u00f3n integral a la madre, padre y a su hijo o hija en la evaluaci\u00f3n del estado de salud, en el logro de los hitos esperados para la edad, en la calidad de las relaciones vinculares y en las intervenciones psico \u2013 educativas que fomentan las habilidades parentales de la crianza.<\/p>\n<p>&nbsp;<\/p>\n<p>&nbsp;<\/p>\n<p><strong>Estrategias:<\/strong><\/p>\n<ol>\n<li>Control de salud infantil integral seg\u00fan norma MINSAL y adecuaci\u00f3n a recursos MSI.<\/li>\n<li>Control de salud integral con aplicaci\u00f3n de protocolos de evaluaci\u00f3n neurosensorial, desarrollo sicomotor, pauta breve y TEPSI.<\/li>\n<li>Consulta nutricional a ni\u00f1os de 5 meses y 3 a\u00f1os 6 meses seg\u00fan norma.<\/li>\n<li>Entrega de consejos breves de alimentaci\u00f3n saludable y actividad f\u00edsica en el 100% de los controles de salud seg\u00fan Gu\u00eda de Vida Saludable.<\/li>\n<li>Consulta nutricional a ni\u00f1os\/as ,menores de 6 a\u00f1os con malnutrici\u00f3n por exceso.<\/li>\n<li>Realizaci\u00f3n de talleres de autocuidado, estimulaci\u00f3n, pautas de crianza, etc. a madres, padres y\/o cuidadores de ni\u00f1os y ni\u00f1as.<\/li>\n<li>Control de salud integral de los 4 y 5 a\u00f1os con \u00e9nfasis preventivo de tamizaje visual y de presi\u00f3n arterial.<\/li>\n<li>Aplicaci\u00f3n de alguna modalidad de estimulaci\u00f3n temprana a todo ni\u00f1o y ni\u00f1a con rezago en su desarrollo sicomotor.<\/li>\n<li>Realizaci\u00f3n de visitas domiciliarias integrales a todo ni\u00f1o y ni\u00f1a con factores de riesgo familiares, de su desarrollo, de la crianza, etc.<\/li>\n<\/ol>\n<p>&nbsp;<\/p>\n<h4>3.\u00a0\u00a0\u00a0 Programa de la Mujer:<\/h4>\n<h4>\u00a0<\/h4>\n<p><strong>Objetivo General: <\/strong>Contribuir al desarrollo integral, f\u00edsico, mental y social de la mujer, en todas las etapas de su ciclo vital.<\/p>\n<p>&nbsp;<\/p>\n<p><strong>Estrategias:<\/strong><\/p>\n<ol>\n<li>Control Ginecol\u00f3gico seg\u00fan Norma MINSAL<\/li>\n<li>Control Planificaci\u00f3n Familiar seg\u00fan Norma MINSAL<\/li>\n<li>Control prenatal seg\u00fan Norma MINSAL<\/li>\n<li>Taller Autocuidado en la Mujer y Lactancia materna \u2013Apego.<\/li>\n<li>Derivaci\u00f3n oportuna de mujeres con ex\u00e1menes alterados<\/li>\n<li>Consejer\u00eda en Salud Sexual y reproductiva<\/li>\n<li>Consejer\u00eda pre -test<\/li>\n<li>Realizaci\u00f3n de Fichas Clap<\/li>\n<li>Calculo de Frax.<\/li>\n<\/ol>\n<p>&nbsp;<\/p>\n<h4>4.\u00a0\u00a0\u00a0 Programa Adolescente:<\/h4>\n<h4>\u00a0<\/h4>\n<p><strong>Objetivo General:<\/strong><\/p>\n<p>Instalar un modelo de atenci\u00f3n integral y amigable del adolescente en la Unidad de Salud Integral de Cl\u00ednica R\u00edo Blanco con \u00e9nfasis en el enfoque de riesgo y cuidados anticipatorios de la salud.<\/p>\n<p><strong>\u00a0<\/strong><\/p>\n<p><strong>\u00a0Acciones:<\/strong><\/p>\n<ol>\n<li>Realizar Examen\u00a0 de Salud Preventivo a adolescentes (ficha clap) de 10 a 19 a\u00f1os, dando prioridad a los adolescentes de 10, 12 y 15 a\u00f1os ,de manera que exista al menos un control en cada una de las etapas de la Adolescencia.<\/li>\n<li>Focalizar la realizaci\u00f3n de ex\u00e1menes de salud a los adolescentes que presenten factores de riesgo, tales como: obesidad, tabaquismo, alcohol y drogas, deserci\u00f3n escolar, VIF, depresi\u00f3n, trastornos alimentarios, etc.<\/li>\n<li>Favorecer la consulta espont\u00e1nea de adolescentes al equipo de salud\u00a0 con el fin de aumentar la cobertura\u00a0 de los controles de salud.<\/li>\n<li>Realizaci\u00f3n de Fichas Clap<\/li>\n<\/ol>\n<p>&nbsp;<\/p>\n<p>&nbsp;<\/p>\n<h4>5.\u00a0\u00a0\u00a0 Programa Salud Mental:<\/h4>\n<p><strong>Objetivo general:<\/strong><\/p>\n<p>Es el desarrollo de estrategias de intervenci\u00f3n, multidisciplinaria por parte del equipo de familiar,\u00a0 psiquiatr\u00eda y psicolog\u00eda, que colaboren al enfrentamiento oportuno, efectivo y con altos est\u00e1ndares de calidad de servicio, de aquellos problemas de salud mental experimentados por nuestra poblaci\u00f3n beneficiaria.<\/p>\n<p>&nbsp;<\/p>\n<p><strong>Principales acciones<\/strong><\/p>\n<ol>\n<li>Consulta psicol\u00f3gica infanto juvenil y adulto y\/o siqui\u00e1trica adulto<\/li>\n<li>Consultas m\u00e9dicos de cabecera<\/li>\n<li>Reuniones equipo de salud mental<\/li>\n<li>Programa Adicciones tabaco, alcohol y drogas (PAD)<\/li>\n<li>Programa Manejo y seguimiento del Paciente Cr\u00f3nico<\/li>\n<li>Psico-educaci\u00f3n<\/li>\n<li>Programa Acompa\u00f1amiento Adolescente Embarazada<\/li>\n<li>Talleres de prevenci\u00f3n y promoci\u00f3n<\/li>\n<li>Visitas domiciliarias integrales<\/li>\n<li>Medicina Complementaria<\/li>\n<\/ol>\n<p>&nbsp;<\/p>\n<p>&nbsp;<\/p>\n<h4>6.\u00a0\u00a0\u00a0 Programa de Salud Infanto-juvenil:<\/h4>\n<h4>\u00a0<\/h4>\n<p><strong>Objetivo general: <\/strong>Cuyo objetivo es Promover la Salud y el Desarrollo Integral de poblaci\u00f3n infanto-juvenil (6- 14 a\u00f1os) y detecci\u00f3n temprana de enfermedad y factores de riesgo cardiovasculares.<\/p>\n<p>&nbsp;<\/p>\n<p><strong>Sus principales acciones propenden a:<\/strong><\/p>\n<ol>\n<li>Detecci\u00f3n temprana de factores de riesgo cardiovascular, personales y familiares.<\/li>\n<li>Disminuir la prevalencia de mal nutrici\u00f3n por exceso en el ni\u00f1o\/a mayor de 6 a\u00f1os.<\/li>\n<li>Disminuir la incidencia de S\u00edndrome metab\u00f3lico en los ni\u00f1os.<\/li>\n<li>Evaluaci\u00f3n del crecimiento y desarrollo integral del ni\u00f1o\/a<\/li>\n<li>Prevenir, pesquisar y tratar precozmente patolog\u00edas que condicionan un deterioro de la calidad de vida del escolar.<\/li>\n<li>Promover estilos de vida saludables, alimentaci\u00f3n equilibrada y actividad f\u00edsica en el ni\u00f1o desde la m\u00e1s temprana edad.<\/li>\n<\/ol>\n<p>[\/et_pb_text][\/et_pb_column][\/et_pb_row][\/et_pb_section]<\/p>\n","protected":false},"excerpt":{"rendered":"<p>Salud FamiliarSalud Familiar Comun\u00edcate al\u00a034-2590 500 &nbsp; Modelo de Salud Integral (MSI) Acorde con las tendencias en salud a nivel mundial, y tambi\u00e9n nacional, Cl\u00ednica R\u00edo Blanco, cuenta con un Modelo de Salud Integral, con \u00e9nfasis en la Familia y en la prevenci\u00f3n. M\u00e9dicos especialistas en salud familiar ser\u00e1n sus m\u00e9dicos de cabecera, junto a [&hellip;]<\/p>\n","protected":false},"author":2,"featured_media":0,"parent":0,"menu_order":0,"comment_status":"closed","ping_status":"closed","template":"","meta":{"_et_pb_use_builder":"on","_et_pb_old_content":"","_et_gb_content_width":""},"_links":{"self":[{"href":"https:\/\/www.clinicarioblanco.cl\/index.php?rest_route=\/wp\/v2\/pages\/159"}],"collection":[{"href":"https:\/\/www.clinicarioblanco.cl\/index.php?rest_route=\/wp\/v2\/pages"}],"about":[{"href":"https:\/\/www.clinicarioblanco.cl\/index.php?rest_route=\/wp\/v2\/types\/page"}],"author":[{"embeddable":true,"href":"https:\/\/www.clinicarioblanco.cl\/index.php?rest_route=\/wp\/v2\/users\/2"}],"replies":[{"embeddable":true,"href":"https:\/\/www.clinicarioblanco.cl\/index.php?rest_route=%2Fwp%2Fv2%2Fcomments&post=159"}],"version-history":[{"count":4,"href":"https:\/\/www.clinicarioblanco.cl\/index.php?rest_route=\/wp\/v2\/pages\/159\/revisions"}],"predecessor-version":[{"id":3299,"href":"https:\/\/www.clinicarioblanco.cl\/index.php?rest_route=\/wp\/v2\/pages\/159\/revisions\/3299"}],"wp:attachment":[{"href":"https:\/\/www.clinicarioblanco.cl\/index.php?rest_route=%2Fwp%2Fv2%2Fmedia&parent=159"}],"curies":[{"name":"wp","href":"https:\/\/api.w.org\/{rel}","templated":true}]}}