{"id":155,"date":"2022-08-23T15:31:17","date_gmt":"2022-08-23T15:31:17","guid":{"rendered":"https:\/\/www.clinicarioblanco.cl\/?page_id=155"},"modified":"2022-08-23T15:31:18","modified_gmt":"2022-08-23T15:31:18","slug":"calidad-y-seguridad","status":"publish","type":"page","link":"https:\/\/www.clinicarioblanco.cl\/?page_id=155","title":{"rendered":"Calidad y Seguridad"},"content":{"rendered":"<p>[et_pb_section fb_built=\u00bb1&#8243; theme_builder_area=\u00bbpost_content\u00bb _builder_version=\u00bb4.18.0&#8243; _module_preset=\u00bbdefault\u00bb global_colors_info=\u00bb{%22gcid-ea3780b4-edff-49eb-8a9d-bd9305f99ee1%22:%91%22background_color%22%93}\u00bb background_color=\u00bbgcid-ea3780b4-edff-49eb-8a9d-bd9305f99ee1&#8243; hover_enabled=\u00bb0&#8243; sticky_enabled=\u00bb0&#8243;][et_pb_row _builder_version=\u00bb4.18.0&#8243; _module_preset=\u00bbdefault\u00bb theme_builder_area=\u00bbpost_content\u00bb][et_pb_column _builder_version=\u00bb4.18.0&#8243; _module_preset=\u00bbdefault\u00bb type=\u00bb4_4&#8243; theme_builder_area=\u00bbpost_content\u00bb][et_pb_text _builder_version=\u00bb4.18.0&#8243; _module_preset=\u00bbdefault\u00bb theme_builder_area=\u00bbpost_content\u00bb hover_enabled=\u00bb0&#8243; sticky_enabled=\u00bb0&#8243; text_font=\u00bbPoppins||||||||\u00bb text_text_color=\u00bb#FFFFFF\u00bb text_font_size=\u00bb75px\u00bb text_line_height=\u00bb1em\u00bb]<\/p>\n<p>Unidad de Calidad y Seguridad el Paciente<\/p>\n<p>[\/et_pb_text][\/et_pb_column][\/et_pb_row][\/et_pb_section][et_pb_section fb_built=\u00bb1&#8243; theme_builder_area=\u00bbpost_content\u00bb _builder_version=\u00bb4.18.0&#8243; _module_preset=\u00bbdefault\u00bb][et_pb_row _builder_version=\u00bb4.18.0&#8243; _module_preset=\u00bbdefault\u00bb theme_builder_area=\u00bbpost_content\u00bb][et_pb_column _builder_version=\u00bb4.18.0&#8243; _module_preset=\u00bbdefault\u00bb type=\u00bb4_4&#8243; theme_builder_area=\u00bbpost_content\u00bb][et_pb_text _builder_version=\u00bb4.18.0&#8243; _module_preset=\u00bbdefault\u00bb theme_builder_area=\u00bbpost_content\u00bb hover_enabled=\u00bb0&#8243; sticky_enabled=\u00bb0&#8243;]<\/p>\n<h1><strong>Unidad de Calidad y Seguridad del paciente<\/strong><\/h1>\n<p>Es un grupo de profesionales de la salud que presta asesor\u00eda a los diferentes servicios, unidades y departamentos tanto asistenciales como administrativos de Cl\u00ednica R\u00edo Blanco en los diferentes \u00e1mbitos de la calidad como: seguridad del equipamiento, de las instalaciones, gesti\u00f3n de calidad, gesti\u00f3n cl\u00ednica, competencia del recurso humano, registros, respeto a la dignidad del paciente, eficiencia, efectividad y satisfacci\u00f3n usuaria.<\/p>\n<p>La revisi\u00f3n permanente los procesos de atenci\u00f3n a trav\u00e9s de evaluaciones internas y externas que realiza esta unidad, permite contribuir a la mejor\u00eda constante de la calidad de la atenci\u00f3n de usuarios de CRB.<\/p>\n<p>[\/et_pb_text][\/et_pb_column][\/et_pb_row][\/et_pb_section]<\/p>\n","protected":false},"excerpt":{"rendered":"<p>Unidad de Calidad y Seguridad el PacienteUnidad de Calidad y Seguridad del paciente Es un grupo de profesionales de la salud que presta asesor\u00eda a los diferentes servicios, unidades y departamentos tanto asistenciales como administrativos de Cl\u00ednica R\u00edo Blanco en los diferentes \u00e1mbitos de la calidad como: seguridad del equipamiento, de las instalaciones, gesti\u00f3n de [&hellip;]<\/p>\n","protected":false},"author":2,"featured_media":0,"parent":0,"menu_order":0,"comment_status":"closed","ping_status":"closed","template":"","meta":{"_et_pb_use_builder":"on","_et_pb_old_content":"","_et_gb_content_width":""},"_links":{"self":[{"href":"https:\/\/www.clinicarioblanco.cl\/index.php?rest_route=\/wp\/v2\/pages\/155"}],"collection":[{"href":"https:\/\/www.clinicarioblanco.cl\/index.php?rest_route=\/wp\/v2\/pages"}],"about":[{"href":"https:\/\/www.clinicarioblanco.cl\/index.php?rest_route=\/wp\/v2\/types\/page"}],"author":[{"embeddable":true,"href":"https:\/\/www.clinicarioblanco.cl\/index.php?rest_route=\/wp\/v2\/users\/2"}],"replies":[{"embeddable":true,"href":"https:\/\/www.clinicarioblanco.cl\/index.php?rest_route=%2Fwp%2Fv2%2Fcomments&post=155"}],"version-history":[{"count":2,"href":"https:\/\/www.clinicarioblanco.cl\/index.php?rest_route=\/wp\/v2\/pages\/155\/revisions"}],"predecessor-version":[{"id":158,"href":"https:\/\/www.clinicarioblanco.cl\/index.php?rest_route=\/wp\/v2\/pages\/155\/revisions\/158"}],"wp:attachment":[{"href":"https:\/\/www.clinicarioblanco.cl\/index.php?rest_route=%2Fwp%2Fv2%2Fmedia&parent=155"}],"curies":[{"name":"wp","href":"https:\/\/api.w.org\/{rel}","templated":true}]}}