{"id":151,"date":"2022-08-23T15:28:39","date_gmt":"2022-08-23T15:28:39","guid":{"rendered":"https:\/\/www.clinicarioblanco.cl\/?page_id=151"},"modified":"2022-08-23T15:28:51","modified_gmt":"2022-08-23T15:28:51","slug":"farmacia","status":"publish","type":"page","link":"https:\/\/www.clinicarioblanco.cl\/?page_id=151","title":{"rendered":"Farmacia"},"content":{"rendered":"<p>[et_pb_section fb_built=\u00bb1&#8243; theme_builder_area=\u00bbpost_content\u00bb _builder_version=\u00bb4.18.0&#8243; _module_preset=\u00bbdefault\u00bb global_colors_info=\u00bb{%22gcid-ea3780b4-edff-49eb-8a9d-bd9305f99ee1%22:%91%22background_color%22%93}\u00bb background_color=\u00bbgcid-ea3780b4-edff-49eb-8a9d-bd9305f99ee1&#8243; hover_enabled=\u00bb0&#8243; sticky_enabled=\u00bb0&#8243;][et_pb_row _builder_version=\u00bb4.18.0&#8243; _module_preset=\u00bbdefault\u00bb theme_builder_area=\u00bbpost_content\u00bb][et_pb_column _builder_version=\u00bb4.18.0&#8243; _module_preset=\u00bbdefault\u00bb type=\u00bb4_4&#8243; theme_builder_area=\u00bbpost_content\u00bb][et_pb_text _builder_version=\u00bb4.18.0&#8243; _module_preset=\u00bbdefault\u00bb theme_builder_area=\u00bbpost_content\u00bb text_font=\u00bbPoppins||||||||\u00bb text_text_color=\u00bb#FFFFFF\u00bb text_font_size=\u00bb75px\u00bb hover_enabled=\u00bb0&#8243; sticky_enabled=\u00bb0&#8243;]<\/p>\n<p>Farmacia<\/p>\n<p>[\/et_pb_text][\/et_pb_column][\/et_pb_row][\/et_pb_section][et_pb_section fb_built=\u00bb1&#8243; theme_builder_area=\u00bbpost_content\u00bb _builder_version=\u00bb4.18.0&#8243; _module_preset=\u00bbdefault\u00bb][et_pb_row _builder_version=\u00bb4.18.0&#8243; _module_preset=\u00bbdefault\u00bb theme_builder_area=\u00bbpost_content\u00bb][et_pb_column _builder_version=\u00bb4.18.0&#8243; _module_preset=\u00bbdefault\u00bb type=\u00bb4_4&#8243; theme_builder_area=\u00bbpost_content\u00bb][et_pb_text _builder_version=\u00bb4.18.0&#8243; _module_preset=\u00bbdefault\u00bb theme_builder_area=\u00bbpost_content\u00bb hover_enabled=\u00bb0&#8243; sticky_enabled=\u00bb0&#8243;]<\/p>\n<div class=\"et_pb_module et_pb_image et_pb_image_0\"><span class=\"et_pb_image_wrap \"><img loading=\"lazy\" src=\"http:\/\/clinicarioblanco.cl\/wp-content\/uploads\/2022\/03\/farma-700x300-1.jpg\" alt=\"\" title=\"farma-700x300\" height=\"auto\" width=\"auto\" srcset=\"https:\/\/www.clinicarioblanco.cl\/wp-content\/uploads\/2022\/03\/farma-700x300-1.jpg 700w, https:\/\/www.clinicarioblanco.cl\/wp-content\/uploads\/2022\/03\/farma-700x300-1-480x206.jpg 480w\" sizes=\"(min-width: 0px) and (max-width: 480px) 480px, (min-width: 481px) 700px, 100vw\" class=\"wp-image-2471\" \/><\/span><\/div>\n<div class=\"et_pb_module et_pb_text et_pb_text_1  et_pb_text_align_left et_pb_bg_layout_light\">\n<div class=\"et_pb_text_inner\">\n<div id=\"metaslider-id-67\" class=\"ml-slider-3-20-3 metaslider metaslider-nivo metaslider-67 ml-slider\">\n<div id=\"metaslider_container_67\">\n<div class=\"slider-wrapper theme-default\">\n<div class=\"nivo-controlNav\">\n<h4><strong>Horarios de atenci\u00f3n Farmacia.<\/strong><\/h4>\n<p><strong>De lunes a viernes de 08:15 a 20:00 hrs.<\/strong><br \/><strong>Contacto: 34-2590 533<\/strong><\/p>\n<p>&nbsp;<\/p>\n<p>Nuestra farmacia ofrece un variado stock de medicamentos indispensables para satisfacer las necesidades de nuestros pacientes.<\/p>\n<p>El arsenal farmacol\u00f3gico de la cl\u00ednica est\u00e1 estructurado de acuerdo a estudios de las patolog\u00edas que se dan entre nuestros usuarios.<\/p>\n<p>&nbsp;<\/p>\n<\/div>\n<\/div>\n<\/div>\n<\/div>\n<\/div>\n<\/div>\n<p>[\/et_pb_text][\/et_pb_column][\/et_pb_row][\/et_pb_section]<\/p>\n","protected":false},"excerpt":{"rendered":"<p>Farmacia Horarios de atenci\u00f3n Farmacia. De lunes a viernes de 08:15 a 20:00 hrs.Contacto: 34-2590 533 &nbsp; Nuestra farmacia ofrece un variado stock de medicamentos indispensables para satisfacer las necesidades de nuestros pacientes. El arsenal farmacol\u00f3gico de la cl\u00ednica est\u00e1 estructurado de acuerdo a estudios de las patolog\u00edas que se dan entre nuestros usuarios. &nbsp;<\/p>\n","protected":false},"author":2,"featured_media":0,"parent":0,"menu_order":0,"comment_status":"closed","ping_status":"closed","template":"","meta":{"_et_pb_use_builder":"on","_et_pb_old_content":"","_et_gb_content_width":""},"_links":{"self":[{"href":"https:\/\/www.clinicarioblanco.cl\/index.php?rest_route=\/wp\/v2\/pages\/151"}],"collection":[{"href":"https:\/\/www.clinicarioblanco.cl\/index.php?rest_route=\/wp\/v2\/pages"}],"about":[{"href":"https:\/\/www.clinicarioblanco.cl\/index.php?rest_route=\/wp\/v2\/types\/page"}],"author":[{"embeddable":true,"href":"https:\/\/www.clinicarioblanco.cl\/index.php?rest_route=\/wp\/v2\/users\/2"}],"replies":[{"embeddable":true,"href":"https:\/\/www.clinicarioblanco.cl\/index.php?rest_route=%2Fwp%2Fv2%2Fcomments&post=151"}],"version-history":[{"count":2,"href":"https:\/\/www.clinicarioblanco.cl\/index.php?rest_route=\/wp\/v2\/pages\/151\/revisions"}],"predecessor-version":[{"id":154,"href":"https:\/\/www.clinicarioblanco.cl\/index.php?rest_route=\/wp\/v2\/pages\/151\/revisions\/154"}],"wp:attachment":[{"href":"https:\/\/www.clinicarioblanco.cl\/index.php?rest_route=%2Fwp%2Fv2%2Fmedia&parent=151"}],"curies":[{"name":"wp","href":"https:\/\/api.w.org\/{rel}","templated":true}]}}