{"id":147,"date":"2022-08-23T15:26:57","date_gmt":"2022-08-23T15:26:57","guid":{"rendered":"https:\/\/www.clinicarioblanco.cl\/?page_id=147"},"modified":"2024-12-27T17:48:03","modified_gmt":"2024-12-27T17:48:03","slug":"laboratorio-y-toma-de-muestras","status":"publish","type":"page","link":"https:\/\/www.clinicarioblanco.cl\/?page_id=147","title":{"rendered":"Laboratorio y Toma de muestras"},"content":{"rendered":"<p>[et_pb_section fb_built=\u00bb1&#8243; _builder_version=\u00bb4.18.0&#8243; _module_preset=\u00bbdefault\u00bb background_color=\u00bbgcid-ea3780b4-edff-49eb-8a9d-bd9305f99ee1&#8243; da_disable_devices=\u00bboff|off|off\u00bb global_colors_info=\u00bb{%22gcid-ea3780b4-edff-49eb-8a9d-bd9305f99ee1%22:%91%22background_color%22%93}\u00bb da_is_popup=\u00bboff\u00bb da_exit_intent=\u00bboff\u00bb da_has_close=\u00bbon\u00bb da_alt_close=\u00bboff\u00bb da_dark_close=\u00bboff\u00bb da_not_modal=\u00bbon\u00bb da_is_singular=\u00bboff\u00bb da_with_loader=\u00bboff\u00bb da_has_shadow=\u00bbon\u00bb][et_pb_row _builder_version=\u00bb4.18.0&#8243; _module_preset=\u00bbdefault\u00bb global_colors_info=\u00bb{}\u00bb][et_pb_column type=\u00bb4_4&#8243; _builder_version=\u00bb4.18.0&#8243; _module_preset=\u00bbdefault\u00bb global_colors_info=\u00bb{}\u00bb][et_pb_text _builder_version=\u00bb4.18.0&#8243; _module_preset=\u00bbdefault\u00bb text_font=\u00bbPoppins||||||||\u00bb text_text_color=\u00bb#FFFFFF\u00bb text_font_size=\u00bb75px\u00bb global_colors_info=\u00bb{}\u00bb]<\/p>\n<p>Laboratorio<\/p>\n<p>[\/et_pb_text][\/et_pb_column][\/et_pb_row][\/et_pb_section][et_pb_section fb_built=\u00bb1&#8243; _builder_version=\u00bb4.18.0&#8243; _module_preset=\u00bbdefault\u00bb da_disable_devices=\u00bboff|off|off\u00bb global_colors_info=\u00bb{}\u00bb da_is_popup=\u00bboff\u00bb da_exit_intent=\u00bboff\u00bb da_has_close=\u00bbon\u00bb da_alt_close=\u00bboff\u00bb da_dark_close=\u00bboff\u00bb da_not_modal=\u00bbon\u00bb da_is_singular=\u00bboff\u00bb da_with_loader=\u00bboff\u00bb da_has_shadow=\u00bbon\u00bb][et_pb_row _builder_version=\u00bb4.18.0&#8243; _module_preset=\u00bbdefault\u00bb hover_enabled=\u00bb0&#8243; global_colors_info=\u00bb{}\u00bb sticky_enabled=\u00bb0&#8243;][et_pb_column type=\u00bb4_4&#8243; _builder_version=\u00bb4.18.0&#8243; _module_preset=\u00bbdefault\u00bb global_colors_info=\u00bb{}\u00bb][et_pb_text _builder_version=\u00bb4.18.0&#8243; _module_preset=\u00bbdefault\u00bb hover_enabled=\u00bb0&#8243; global_colors_info=\u00bb{}\u00bb sticky_enabled=\u00bb0&#8243;]<\/p>\n<h2><strong>Comun\u00edcate a trav\u00e9s de nuestra mesa central\u00a034-2590 500<\/strong><\/h2>\n<p><strong>De lunes a viernes de 08:00 a 14:00 hrs.<\/strong><\/p>\n<p><strong>S\u00e1bado de 08:30 a 10:30 hrs.<\/strong><\/p>\n<p><strong>Contamos con laboratorio en servicio de urgencia 24\/7.<\/strong><\/p>\n<p>&nbsp;<\/p>\n<p>El <strong>Laboratorio de la Cl\u00ednica R\u00edo Blanco<\/strong> es una Unidad de apoyo de diagn\u00f3stico, que cuenta con servicios de <strong>Toma de Muestras y Ex\u00e1menes\u00a0<\/strong>para ayudar en la identificaci\u00f3n oportuna de los diagn\u00f3sticos de nuestros usuarios.<\/p>\n<p>&nbsp;<\/p>\n<p><strong>VENTAJAS DE NUESTRO SERVICIO<\/strong><\/p>\n<p><strong>Laboratorio de alta complejidad tipo A<\/strong>. Significa mayor m\u00e1s subespecialidades y prestaciones complejas, equipamiento critico automatizado y digital, rapidez en los tiempos de respuesta. Profesionales altamente capacitados. Contamos con Tecn\u00f3logo M\u00e9dico, Enfermera y Matrona para toma de muestras espec\u00edficas.<\/p>\n<p><strong><\/strong><\/p>\n<p><strong>ATENCI\u00d3N ESPONT\u00c1NEA<\/strong><\/p>\n<p>Sin agendamientos previos, puedes asistir durante el horario de funcionamiento.<\/p>\n<p><strong><\/strong><\/p>\n<p><strong>MODALIDAD DE ATENCI\u00d3N\u00a0<\/strong><\/p>\n<p><strong><\/strong>Convenios Isapres, Fonasa y Particular.<\/p>\n<p><strong><\/strong><\/p>\n<p><strong>Puedes descargar los resultados de tus ex\u00e1menes de Laboratorio con tu ID de atenci\u00f3n y RUN.<\/strong><\/p>\n<p>[\/et_pb_text][\/et_pb_column][\/et_pb_row][\/et_pb_section]<\/p>\n","protected":false},"excerpt":{"rendered":"<p>LaboratorioComun\u00edcate a trav\u00e9s de nuestra mesa central\u00a034-2590 500 De lunes a viernes de 08:00 a 14:00 hrs. S\u00e1bado de 08:30 a 10:30 hrs. Contamos con laboratorio en servicio de urgencia 24\/7. &nbsp; El Laboratorio de la Cl\u00ednica R\u00edo Blanco es una Unidad de apoyo de diagn\u00f3stico, que cuenta con servicios de Toma de Muestras y [&hellip;]<\/p>\n","protected":false},"author":2,"featured_media":0,"parent":0,"menu_order":0,"comment_status":"closed","ping_status":"closed","template":"","meta":{"_et_pb_use_builder":"on","_et_pb_old_content":"","_et_gb_content_width":""},"_links":{"self":[{"href":"https:\/\/www.clinicarioblanco.cl\/index.php?rest_route=\/wp\/v2\/pages\/147"}],"collection":[{"href":"https:\/\/www.clinicarioblanco.cl\/index.php?rest_route=\/wp\/v2\/pages"}],"about":[{"href":"https:\/\/www.clinicarioblanco.cl\/index.php?rest_route=\/wp\/v2\/types\/page"}],"author":[{"embeddable":true,"href":"https:\/\/www.clinicarioblanco.cl\/index.php?rest_route=\/wp\/v2\/users\/2"}],"replies":[{"embeddable":true,"href":"https:\/\/www.clinicarioblanco.cl\/index.php?rest_route=%2Fwp%2Fv2%2Fcomments&post=147"}],"version-history":[{"count":7,"href":"https:\/\/www.clinicarioblanco.cl\/index.php?rest_route=\/wp\/v2\/pages\/147\/revisions"}],"predecessor-version":[{"id":3351,"href":"https:\/\/www.clinicarioblanco.cl\/index.php?rest_route=\/wp\/v2\/pages\/147\/revisions\/3351"}],"wp:attachment":[{"href":"https:\/\/www.clinicarioblanco.cl\/index.php?rest_route=%2Fwp%2Fv2%2Fmedia&parent=147"}],"curies":[{"name":"wp","href":"https:\/\/api.w.org\/{rel}","templated":true}]}}