{"id":133,"date":"2022-08-23T15:15:56","date_gmt":"2022-08-23T15:15:56","guid":{"rendered":"https:\/\/www.clinicarioblanco.cl\/?page_id=133"},"modified":"2024-08-08T20:22:55","modified_gmt":"2024-08-08T20:22:55","slug":"pediatria","status":"publish","type":"page","link":"https:\/\/www.clinicarioblanco.cl\/?page_id=133","title":{"rendered":"Pediatr\u00eda"},"content":{"rendered":"<p>[et_pb_section fb_built=\u00bb1&#8243; _builder_version=\u00bb4.18.0&#8243; _module_preset=\u00bbdefault\u00bb background_color=\u00bbgcid-ea3780b4-edff-49eb-8a9d-bd9305f99ee1&#8243; hover_enabled=\u00bb0&#8243; global_colors_info=\u00bb{%22gcid-ea3780b4-edff-49eb-8a9d-bd9305f99ee1%22:%91%22background_color%22%93}\u00bb sticky_enabled=\u00bb0&#8243;][et_pb_row _builder_version=\u00bb4.18.0&#8243; _module_preset=\u00bbdefault\u00bb global_colors_info=\u00bb{}\u00bb][et_pb_column type=\u00bb4_4&#8243; _builder_version=\u00bb4.18.0&#8243; _module_preset=\u00bbdefault\u00bb global_colors_info=\u00bb{}\u00bb][et_pb_text _builder_version=\u00bb4.18.0&#8243; _module_preset=\u00bbdefault\u00bb text_font=\u00bbPoppins||||||||\u00bb text_text_color=\u00bb#FFFFFF\u00bb text_font_size=\u00bb75px\u00bb global_colors_info=\u00bb{}\u00bb]<\/p>\n<p>Pediatr\u00eda<\/p>\n<p>[\/et_pb_text][\/et_pb_column][\/et_pb_row][\/et_pb_section][et_pb_section fb_built=\u00bb1&#8243; _builder_version=\u00bb4.18.0&#8243; _module_preset=\u00bbdefault\u00bb global_colors_info=\u00bb{}\u00bb][et_pb_row _builder_version=\u00bb4.18.0&#8243; _module_preset=\u00bbdefault\u00bb global_colors_info=\u00bb{}\u00bb][et_pb_column type=\u00bb4_4&#8243; _builder_version=\u00bb4.18.0&#8243; _module_preset=\u00bbdefault\u00bb global_colors_info=\u00bb{}\u00bb][et_pb_text _builder_version=\u00bb4.18.0&#8243; _module_preset=\u00bbdefault\u00bb global_colors_info=\u00bb{}\u00bb]<\/p>\n<p><strong>Horarios de atenci\u00f3n Pediatr\u00eda.<\/strong><\/p>\n<p><strong>De lunes a viernes de 08:30 a 18:00 hrs.<\/strong><\/p>\n<p>&nbsp;<\/p>\n<p>El servicio de Pediatr\u00eda de Cl\u00ednica R\u00edo Blanco entre una de sus principales funciones es la atenci\u00f3n primaria, es decir; Control del Ni\u00f1o Sano, Acciones Preventivas, Campa\u00f1as de Vacunaci\u00f3n y promoci\u00f3n de las vacunas, atenci\u00f3n de morbilidad en todas las especialidades.<br \/>En relaci\u00f3n al nivel secundario se trabaja con sub-especialidades b\u00e1sicas.<\/p>\n<p>Sub-especialidades b\u00e1sicas<\/p>\n<ul>\n<li>Cirug\u00eda infantil<\/li>\n<li>Neurolog\u00eda Infantil<\/li>\n<li>Psicolog\u00eda<\/li>\n<\/ul>\n<p>&nbsp;<\/p>\n<p>Los ni\u00f1os que atiende nuestra unidad de pediatr\u00eda est\u00e1n bien evaluados, con diagn\u00f3sticos presuntivos y tratamientos iniciales.<\/p>\n<p>Se trabaja por mantener un estricto est\u00e1ndar de control de ni\u00f1o sano, contando con un bajo ausentismo, adem\u00e1s se realiza prevenci\u00f3n en s\u00edndromes tales como enfermedades broncopulmonares, metab\u00f3licas, cardiovasculares, colesterol y obesidad.<\/p>\n<p>En nuestro servicio de pediatr\u00eda existe una estrecha labor con la Unidad de Imagenologia y Laboratorio, con Kinesiolog\u00eda y el Servicio de Urgencia sobre todo en relaci\u00f3n a las especialidades IRA.<\/p>\n<p>[\/et_pb_text][\/et_pb_column][\/et_pb_row][\/et_pb_section]<\/p>\n","protected":false},"excerpt":{"rendered":"<p>Pediatr\u00edaHorarios de atenci\u00f3n Pediatr\u00eda. De lunes a viernes de 08:30 a 18:00 hrs. &nbsp; El servicio de Pediatr\u00eda de Cl\u00ednica R\u00edo Blanco entre una de sus principales funciones es la atenci\u00f3n primaria, es decir; Control del Ni\u00f1o Sano, Acciones Preventivas, Campa\u00f1as de Vacunaci\u00f3n y promoci\u00f3n de las vacunas, atenci\u00f3n de morbilidad en todas las especialidades.En [&hellip;]<\/p>\n","protected":false},"author":2,"featured_media":0,"parent":0,"menu_order":0,"comment_status":"closed","ping_status":"closed","template":"","meta":{"_et_pb_use_builder":"on","_et_pb_old_content":"","_et_gb_content_width":""},"_links":{"self":[{"href":"https:\/\/www.clinicarioblanco.cl\/index.php?rest_route=\/wp\/v2\/pages\/133"}],"collection":[{"href":"https:\/\/www.clinicarioblanco.cl\/index.php?rest_route=\/wp\/v2\/pages"}],"about":[{"href":"https:\/\/www.clinicarioblanco.cl\/index.php?rest_route=\/wp\/v2\/types\/page"}],"author":[{"embeddable":true,"href":"https:\/\/www.clinicarioblanco.cl\/index.php?rest_route=\/wp\/v2\/users\/2"}],"replies":[{"embeddable":true,"href":"https:\/\/www.clinicarioblanco.cl\/index.php?rest_route=%2Fwp%2Fv2%2Fcomments&post=133"}],"version-history":[{"count":5,"href":"https:\/\/www.clinicarioblanco.cl\/index.php?rest_route=\/wp\/v2\/pages\/133\/revisions"}],"predecessor-version":[{"id":3298,"href":"https:\/\/www.clinicarioblanco.cl\/index.php?rest_route=\/wp\/v2\/pages\/133\/revisions\/3298"}],"wp:attachment":[{"href":"https:\/\/www.clinicarioblanco.cl\/index.php?rest_route=%2Fwp%2Fv2%2Fmedia&parent=133"}],"curies":[{"name":"wp","href":"https:\/\/api.w.org\/{rel}","templated":true}]}}