{"id":125,"date":"2022-08-23T15:09:40","date_gmt":"2022-08-23T15:09:40","guid":{"rendered":"https:\/\/www.clinicarioblanco.cl\/?page_id=125"},"modified":"2022-08-23T15:42:18","modified_gmt":"2022-08-23T15:42:18","slug":"urgencia","status":"publish","type":"page","link":"https:\/\/www.clinicarioblanco.cl\/?page_id=125","title":{"rendered":"Urgencia"},"content":{"rendered":"<p>[et_pb_section fb_built=\u00bb1&#8243; _builder_version=\u00bb4.18.0&#8243; _module_preset=\u00bbdefault\u00bb background_color=\u00bbgcid-ea3780b4-edff-49eb-8a9d-bd9305f99ee1&#8243; hover_enabled=\u00bb0&#8243; global_colors_info=\u00bb{%22gcid-ea3780b4-edff-49eb-8a9d-bd9305f99ee1%22:%91%22background_color%22%93}\u00bb sticky_enabled=\u00bb0&#8243;][et_pb_row _builder_version=\u00bb4.18.0&#8243; _module_preset=\u00bbdefault\u00bb global_colors_info=\u00bb{}\u00bb][et_pb_column type=\u00bb4_4&#8243; _builder_version=\u00bb4.18.0&#8243; _module_preset=\u00bbdefault\u00bb global_colors_info=\u00bb{}\u00bb][et_pb_text _builder_version=\u00bb4.18.0&#8243; _module_preset=\u00bbdefault\u00bb text_font=\u00bbPoppins||||||||\u00bb text_text_color=\u00bb#FFFFFF\u00bb text_font_size=\u00bb75px\u00bb global_colors_info=\u00bb{}\u00bb]<\/p>\n<p>Urgencia<\/p>\n<p>[\/et_pb_text][\/et_pb_column][\/et_pb_row][\/et_pb_section][et_pb_section fb_built=\u00bb1&#8243; _builder_version=\u00bb4.18.0&#8243; _module_preset=\u00bbdefault\u00bb global_colors_info=\u00bb{}\u00bb][et_pb_row _builder_version=\u00bb4.18.0&#8243; _module_preset=\u00bbdefault\u00bb global_colors_info=\u00bb{}\u00bb][et_pb_column type=\u00bb4_4&#8243; _builder_version=\u00bb4.18.0&#8243; _module_preset=\u00bbdefault\u00bb global_colors_info=\u00bb{}\u00bb][et_pb_text _builder_version=\u00bb4.18.0&#8243; _module_preset=\u00bbdefault\u00bb global_colors_info=\u00bb{}\u00bb]<\/p>\n<h3><strong>Comun\u00edcate al\u00a0<\/strong><a href=\"tel:342590535\"><strong>34-2590 535<\/strong><\/a><\/h3>\n<p>&nbsp;<\/p>\n<p>El servicio de Urgencias de Cl\u00ednica R\u00edo Blanco, tiene como misi\u00f3n proveer\u00a0atenci\u00f3n m\u00e9dica de urgencias, con oportunidad y equidad, mediante trabajo en equipo y un modelo de atenci\u00f3n moderno, eficiente y efectivo alineado con la visi\u00f3n de\u00a0l\u00edderes en la prestaci\u00f3n de servicios de salud a pacientes en situaci\u00f3n de emergencia y\/o urgencia con calidad y calidez en la zona.<\/p>\n<p>La atenci\u00f3n se ajusta a los m\u00e1s estrictos protocolos y medidas de bioseguridad, adem\u00e1s de contar con\u00a0<strong>\u00e1reas de atenci\u00f3n diferenciadas<span>\u00a0<\/span><\/strong>para pacientes respiratorios y no respiratorios<em>.<\/em><\/p>\n<p>&nbsp;<\/p>\n<h4>Caracter\u00edsticas del servicio<\/h4>\n<ul>\n<li><strong>Profesionalismo<\/strong><br \/>El\u00a0servicio cuenta con profesionales capacitados para atender urgencias las 24 horas los 365 d\u00edas del a\u00f1o.<\/li>\n<li><strong>Eficiencia<\/strong><br \/>Nos hemos preocupado de contar con la m\u00e1s amplia red de prestadores m\u00e9dicos en las regiones Metropolitana y de Valpara\u00edso.<\/li>\n<li><strong>Calidez<\/strong><br \/>Nuestro servicio ha mejorado en infraestructura y capacitando el personal para brindarle una atenci\u00f3n de calidad.<\/li>\n<\/ul>\n<p>&nbsp;<\/p>\n<h4>Para ello contamos con infraestructura adecuada:<\/h4>\n<ul>\n<li>8 box de atenci\u00f3n morbilidad general.<\/li>\n<li>6 box de atenci\u00f3n urgencia respiratoria.<\/li>\n<li>Sala de procedimientos de enfermer\u00eda, sala de ant\u00edgenos.<\/li>\n<li>1 box de reanimaci\u00f3n y procedimiento.<\/li>\n<li>4 camas de sala de observaci\u00f3n<\/li>\n<li>1 box de yeso.<\/li>\n<li>1 sala de categorizaci\u00f3n morbilidad general.<\/li>\n<li>Capacidad de atenci\u00f3n total: 11 pacientes.<\/li>\n<li>C\u00f3moda sala de espera para pacientes de morbilidad general.<\/li>\n<li>Profesionales m\u00e9dicos y de enfermer\u00eda capacitados en el manejo de urgencia.<\/li>\n<li>Servicio de Laboratorio Cl\u00ednico e Imagenologia las 24 horas, de llamado y presencial.<\/li>\n<li>Hospitalizaci\u00f3n m\u00e9dico quir\u00fargico infantil y adulto<\/li>\n<li>Ambulancias equipadas para un transporte seguro y adecuado.<\/li>\n<\/ul>\n<p>&nbsp;<\/p>\n<p>El equipo de urgencias de nuestra cl\u00ednica utiliza el sistema de categorizaci\u00f3n\u00a0en el cual, a trav\u00e9s de preguntas y control de los signos vitales, se clasifica al paciente en 5 categor\u00edas de diferente gravedad para determinar el orden de atenci\u00f3n.<\/p>\n<p>[\/et_pb_text][\/et_pb_column][\/et_pb_row][\/et_pb_section]<\/p>\n","protected":false},"excerpt":{"rendered":"<p>UrgenciaComun\u00edcate al\u00a034-2590 535 &nbsp; El servicio de Urgencias de Cl\u00ednica R\u00edo Blanco, tiene como misi\u00f3n proveer\u00a0atenci\u00f3n m\u00e9dica de urgencias, con oportunidad y equidad, mediante trabajo en equipo y un modelo de atenci\u00f3n moderno, eficiente y efectivo alineado con la visi\u00f3n de\u00a0l\u00edderes en la prestaci\u00f3n de servicios de salud a pacientes en situaci\u00f3n de emergencia y\/o [&hellip;]<\/p>\n","protected":false},"author":2,"featured_media":0,"parent":0,"menu_order":0,"comment_status":"closed","ping_status":"closed","template":"","meta":{"_et_pb_use_builder":"on","_et_pb_old_content":"","_et_gb_content_width":""},"_links":{"self":[{"href":"https:\/\/www.clinicarioblanco.cl\/index.php?rest_route=\/wp\/v2\/pages\/125"}],"collection":[{"href":"https:\/\/www.clinicarioblanco.cl\/index.php?rest_route=\/wp\/v2\/pages"}],"about":[{"href":"https:\/\/www.clinicarioblanco.cl\/index.php?rest_route=\/wp\/v2\/types\/page"}],"author":[{"embeddable":true,"href":"https:\/\/www.clinicarioblanco.cl\/index.php?rest_route=\/wp\/v2\/users\/2"}],"replies":[{"embeddable":true,"href":"https:\/\/www.clinicarioblanco.cl\/index.php?rest_route=%2Fwp%2Fv2%2Fcomments&post=125"}],"version-history":[{"count":3,"href":"https:\/\/www.clinicarioblanco.cl\/index.php?rest_route=\/wp\/v2\/pages\/125\/revisions"}],"predecessor-version":[{"id":174,"href":"https:\/\/www.clinicarioblanco.cl\/index.php?rest_route=\/wp\/v2\/pages\/125\/revisions\/174"}],"wp:attachment":[{"href":"https:\/\/www.clinicarioblanco.cl\/index.php?rest_route=%2Fwp%2Fv2%2Fmedia&parent=125"}],"curies":[{"name":"wp","href":"https:\/\/api.w.org\/{rel}","templated":true}]}}