{"id":120,"date":"2022-08-23T15:07:11","date_gmt":"2022-08-23T15:07:11","guid":{"rendered":"https:\/\/www.clinicarioblanco.cl\/?page_id=120"},"modified":"2024-08-08T20:21:47","modified_gmt":"2024-08-08T20:21:47","slug":"hospitalizacion","status":"publish","type":"page","link":"https:\/\/www.clinicarioblanco.cl\/?page_id=120","title":{"rendered":"Hospitalizaci\u00f3n"},"content":{"rendered":"<p>[et_pb_section fb_built=\u00bb1&#8243; _builder_version=\u00bb4.18.0&#8243; _module_preset=\u00bbdefault\u00bb background_color=\u00bbgcid-ea3780b4-edff-49eb-8a9d-bd9305f99ee1&#8243; global_colors_info=\u00bb{%22gcid-ea3780b4-edff-49eb-8a9d-bd9305f99ee1%22:%91%22background_color%22%93}\u00bb da_is_popup=\u00bboff\u00bb da_exit_intent=\u00bboff\u00bb da_has_close=\u00bbon\u00bb da_alt_close=\u00bboff\u00bb da_dark_close=\u00bboff\u00bb da_not_modal=\u00bbon\u00bb da_is_singular=\u00bboff\u00bb da_with_loader=\u00bboff\u00bb da_has_shadow=\u00bbon\u00bb da_disable_devices=\u00bboff|off|off\u00bb][et_pb_row _builder_version=\u00bb4.18.0&#8243; _module_preset=\u00bbdefault\u00bb global_colors_info=\u00bb{}\u00bb][et_pb_column type=\u00bb4_4&#8243; _builder_version=\u00bb4.18.0&#8243; _module_preset=\u00bbdefault\u00bb global_colors_info=\u00bb{}\u00bb][et_pb_text _builder_version=\u00bb4.18.0&#8243; _module_preset=\u00bbdefault\u00bb text_font=\u00bbPoppins||||||||\u00bb text_text_color=\u00bb#FFFFFF\u00bb text_font_size=\u00bb75px\u00bb global_colors_info=\u00bb{}\u00bb]<\/p>\n<p>Hospitalizaci\u00f3n\u00a0<\/p>\n<p>[\/et_pb_text][\/et_pb_column][\/et_pb_row][\/et_pb_section][et_pb_section fb_built=\u00bb1&#8243; _builder_version=\u00bb4.18.0&#8243; _module_preset=\u00bbdefault\u00bb global_colors_info=\u00bb{}\u00bb da_is_popup=\u00bboff\u00bb da_exit_intent=\u00bboff\u00bb da_has_close=\u00bbon\u00bb da_alt_close=\u00bboff\u00bb da_dark_close=\u00bboff\u00bb da_not_modal=\u00bbon\u00bb da_is_singular=\u00bboff\u00bb da_with_loader=\u00bboff\u00bb da_has_shadow=\u00bbon\u00bb da_disable_devices=\u00bboff|off|off\u00bb][et_pb_row _builder_version=\u00bb4.18.0&#8243; _module_preset=\u00bbdefault\u00bb global_colors_info=\u00bb{}\u00bb][et_pb_column type=\u00bb4_4&#8243; _builder_version=\u00bb4.18.0&#8243; _module_preset=\u00bbdefault\u00bb global_colors_info=\u00bb{}\u00bb][et_pb_text _builder_version=\u00bb4.18.0&#8243; _module_preset=\u00bbdefault\u00bb global_colors_info=\u00bb{}\u00bb]<\/p>\n<h4>Comun\u00edcate al\u00a0\u00a0<a href=\"tel:342590577\">34-2590 577<\/a><\/h4>\n<p>Este servicio es atendido por un grupo de profesionales seleccionados y calificados bajo los lineamientos definidos por la Superintendencia de Salud. Esto permite entregar al paciente y a los m\u00e9dicos un servicio confiable para atender patolog\u00edas de mediana complejidad.<\/p>\n<p>[\/et_pb_text][et_pb_text _builder_version=\u00bb4.18.0&#8243; _module_preset=\u00bbdefault\u00bb hover_enabled=\u00bb0&#8243; global_colors_info=\u00bb{}\u00bb sticky_enabled=\u00bb0&#8243;]<\/p>\n<p>Cl\u00ednica R\u00edo Blanco cuenta con Servicio de Hospitalizaci\u00f3n; para pacientes pedi\u00e1tricos y adultos.<\/p>\n<p>El servicio tiene atenci\u00f3n de enfermer\u00eda durante las 24 horas del d\u00eda para pacientes con patolog\u00edas m\u00e9dicas y quir\u00fargicas. Cuenta adem\u00e1s con el apoyo de todos los servicios especializados que ofrece la cl\u00ednica, con un m\u00e9dico residente diurno e interconsultores de llamada las 24 horas del d\u00eda.<\/p>\n<p>&nbsp;<\/p>\n<p><strong>Alimentaci\u00f3n<\/strong><br \/>Cl\u00ednica R\u00edo Blanco dispone de un sistema de alimentaci\u00f3n con administraci\u00f3n propia. Cada d\u00eda nuestras nutricionistas siguiendo las indicaciones del m\u00e9dico tratante, ofrecen a nuestros pacientes una variada dieta alimenticia.<\/p>\n<p>&nbsp;<\/p>\n<p><strong>Seguridad<\/strong><br \/>La seguridad de nuestros pacientes y sus visitas es prioridad de Cl\u00ednica R\u00edo Blanco. Disponemos de personal calificado y entrenado para su seguridad, adem\u00e1s de c\u00e1maras de video, permanentemente monitoreados.<\/p>\n<p>&nbsp;<\/p>\n<p>Dentro de nuestro servicio de hospitalizaci\u00f3n contamos con:<\/p>\n<ul>\n<li>Terapia Biol\u00f3gica<\/li>\n<li>Pabellones Quir\u00fargico<\/li>\n<\/ul>\n<p>[\/et_pb_text][\/et_pb_column][\/et_pb_row][\/et_pb_section]<\/p>\n","protected":false},"excerpt":{"rendered":"<p>Hospitalizaci\u00f3n\u00a0Comun\u00edcate al\u00a0\u00a034-2590 577 Este servicio es atendido por un grupo de profesionales seleccionados y calificados bajo los lineamientos definidos por la Superintendencia de Salud. Esto permite entregar al paciente y a los m\u00e9dicos un servicio confiable para atender patolog\u00edas de mediana complejidad.Cl\u00ednica R\u00edo Blanco cuenta con Servicio de Hospitalizaci\u00f3n; para pacientes pedi\u00e1tricos y adultos. El [&hellip;]<\/p>\n","protected":false},"author":2,"featured_media":0,"parent":0,"menu_order":0,"comment_status":"closed","ping_status":"closed","template":"","meta":{"_et_pb_use_builder":"on","_et_pb_old_content":"","_et_gb_content_width":""},"_links":{"self":[{"href":"https:\/\/www.clinicarioblanco.cl\/index.php?rest_route=\/wp\/v2\/pages\/120"}],"collection":[{"href":"https:\/\/www.clinicarioblanco.cl\/index.php?rest_route=\/wp\/v2\/pages"}],"about":[{"href":"https:\/\/www.clinicarioblanco.cl\/index.php?rest_route=\/wp\/v2\/types\/page"}],"author":[{"embeddable":true,"href":"https:\/\/www.clinicarioblanco.cl\/index.php?rest_route=\/wp\/v2\/users\/2"}],"replies":[{"embeddable":true,"href":"https:\/\/www.clinicarioblanco.cl\/index.php?rest_route=%2Fwp%2Fv2%2Fcomments&post=120"}],"version-history":[{"count":6,"href":"https:\/\/www.clinicarioblanco.cl\/index.php?rest_route=\/wp\/v2\/pages\/120\/revisions"}],"predecessor-version":[{"id":3297,"href":"https:\/\/www.clinicarioblanco.cl\/index.php?rest_route=\/wp\/v2\/pages\/120\/revisions\/3297"}],"wp:attachment":[{"href":"https:\/\/www.clinicarioblanco.cl\/index.php?rest_route=%2Fwp%2Fv2%2Fmedia&parent=120"}],"curies":[{"name":"wp","href":"https:\/\/api.w.org\/{rel}","templated":true}]}}